{"id":6139,"date":"2023-09-11T14:16:40","date_gmt":"2023-09-11T12:16:40","guid":{"rendered":"https:\/\/compass-to-balanced-ecology.earth\/start-up\/"},"modified":"2024-03-12T17:39:38","modified_gmt":"2024-03-12T16:39:38","slug":"start-up","status":"publish","type":"page","link":"https:\/\/compass-to-balanced-ecology.earth\/de\/start-up\/","title":{"rendered":"Start-Up"},"content":{"rendered":"<p><div class=\"fusion-fullwidth fullwidth-box fusion-builder-row-1 fusion-flex-container has-pattern-background has-mask-background fusion-parallax-none hundred-percent-fullwidth non-hundred-percent-height-scrolling lazyload\" style=\"--awb-border-radius-top-left:0px;--awb-border-radius-top-right:0px;--awb-border-radius-bottom-right:0px;--awb-border-radius-bottom-left:0px;--awb-padding-top:0px;--awb-margin-bottom:55px;--awb-min-height:400px;--awb-background-image:linear-gradient(180deg, rgba(255,255,255,0) 46%,rgba(0,0,0,0.73) 100%);;--awb-background-size:cover;--awb-flex-wrap:wrap;\" data-bg=\"https:\/\/compass-to-balanced-ecology.earth\/wp-content\/uploads\/2023\/09\/start-up-image-web.jpg\" data-bg-gradient=\"linear-gradient(180deg, rgba(255,255,255,0) 46%,rgba(0,0,0,0.73) 100%)\" ><div class=\"fusion-builder-row fusion-row fusion-flex-align-items-flex-start fusion-flex-content-wrap\" style=\"width:104% !important;max-width:104% !important;margin-left: calc(-4% \/ 2 );margin-right: calc(-4% \/ 2 );\"><div class=\"fusion-layout-column fusion_builder_column fusion-builder-column-0 fusion_builder_column_1_1 1_1 fusion-flex-column fusion-flex-align-self-flex-end\" style=\"--awb-bg-size:cover;--awb-width-large:100%;--awb-margin-top-large:0px;--awb-spacing-right-large:1.92%;--awb-margin-bottom-large:20px;--awb-spacing-left-large:1.92%;--awb-width-medium:100%;--awb-order-medium:0;--awb-spacing-right-medium:1.92%;--awb-spacing-left-medium:1.92%;--awb-width-small:100%;--awb-order-small:0;--awb-spacing-right-small:1.92%;--awb-spacing-left-small:1.92%;\"><div class=\"fusion-column-wrapper fusion-column-has-shadow fusion-flex-justify-content-flex-end fusion-content-layout-column\"><div class=\"fusion-title title fusion-title-1 fusion-title-center fusion-title-text fusion-title-size-one\" style=\"--awb-text-color:var(--awb-color1);\"><div class=\"title-sep-container title-sep-container-left\"><div class=\"title-sep sep- sep-solid\" style=\"border-color:var(--awb-color3);\"><\/div><\/div><span class=\"awb-title-spacer\"><\/span><h1 class=\"fusion-title-heading title-heading-center fusion-responsive-typography-calculated\" style=\"margin:0;text-transform:capitalize;--fontSize:60;line-height:var(--awb-typography1-line-height);\">Start-Up<\/h1><span class=\"awb-title-spacer\"><\/span><div class=\"title-sep-container title-sep-container-right\"><div class=\"title-sep sep- sep-solid\" style=\"border-color:var(--awb-color3);\"><\/div><\/div><\/div><\/div><\/div><\/div><\/div><div class=\"fusion-fullwidth fullwidth-box fusion-builder-row-2 fusion-flex-container has-pattern-background has-mask-background nonhundred-percent-fullwidth non-hundred-percent-height-scrolling\" style=\"--awb-border-radius-top-left:0px;--awb-border-radius-top-right:0px;--awb-border-radius-bottom-right:0px;--awb-border-radius-bottom-left:0px;--awb-margin-bottom:5%;--awb-margin-bottom-medium:5%;--awb-margin-bottom-small:5%;--awb-flex-wrap:wrap;\" ><div class=\"fusion-builder-row fusion-row fusion-flex-align-items-flex-start fusion-flex-content-wrap\" style=\"max-width:1216.8px;margin-left: calc(-4% \/ 2 );margin-right: calc(-4% \/ 2 );\"><div class=\"fusion-layout-column fusion_builder_column fusion-builder-column-1 fusion_builder_column_1_1 1_1 fusion-flex-column fusion-flex-align-self-center\" style=\"--awb-bg-size:cover;--awb-width-large:100%;--awb-margin-top-large:0px;--awb-spacing-right-large:1.92%;--awb-margin-bottom-large:0px;--awb-spacing-left-large:1.92%;--awb-width-medium:100%;--awb-order-medium:0;--awb-spacing-right-medium:1.92%;--awb-spacing-left-medium:1.92%;--awb-width-small:100%;--awb-order-small:0;--awb-spacing-right-small:1.92%;--awb-spacing-left-small:1.92%;\"><div class=\"fusion-column-wrapper fusion-column-has-shadow fusion-flex-justify-content-center fusion-content-layout-column\"><div class=\"printfriendly pf-button  pf-aligncenter\">\n                    <a href=\"#\" rel=\"nofollow\" onclick=\"window.print(); pfTrackEvent(&#039;Start-Up&#039;); return false;\" title=\"Printer Friendly, PDF & Email\">\n                    <img decoding=\"async\" class=\"lazyload pf-button-img\" src=\"data:image\/gif;base64,R0lGODlhAQABAAAAACH5BAEKAAEALAAAAAABAAEAAAICTAEAOw==\" data-orig-src=\"https:\/\/cdn.printfriendly.com\/buttons\/print-button-nobg.png\" alt=\"Print Friendly, PDF & Email\" style=\"width: 66px;height: 24px;\"  \/>\n                    <\/a>\n                <\/div><\/div><\/div><\/div><\/div><div class=\"fusion-fullwidth fullwidth-box fusion-builder-row-3 fusion-flex-container nonhundred-percent-fullwidth non-hundred-percent-height-scrolling fusion-animated\" style=\"--awb-border-radius-top-left:0px;--awb-border-radius-top-right:0px;--awb-border-radius-bottom-right:0px;--awb-border-radius-bottom-left:0px;--awb-margin-bottom:60px;--awb-margin-bottom-medium:30px;--awb-margin-bottom-small:30px;--awb-flex-wrap:wrap;\" data-animationType=\"fadeInUp\" data-animationDuration=\"1.3\" data-animationOffset=\"top-into-view\" ><div class=\"fusion-builder-row fusion-row fusion-flex-align-items-center fusion-flex-content-wrap\" style=\"max-width:1216.8px;margin-left: calc(-4% \/ 2 );margin-right: calc(-4% \/ 2 );\"><div class=\"fusion-layout-column fusion_builder_column fusion-builder-column-2 fusion_builder_column_1_1 1_1 fusion-flex-column\" style=\"--awb-bg-blend:overlay;--awb-bg-size:cover;--awb-width-large:100%;--awb-margin-top-large:0px;--awb-spacing-right-large:1.92%;--awb-margin-bottom-large:0px;--awb-spacing-left-large:1.92%;--awb-width-medium:100%;--awb-spacing-right-medium:1.92%;--awb-spacing-left-medium:1.92%;--awb-width-small:100%;--awb-spacing-right-small:1.92%;--awb-margin-bottom-small:15px;--awb-spacing-left-small:1.92%;\"><div class=\"fusion-column-wrapper fusion-flex-justify-content-flex-start fusion-content-layout-column\"><div class=\"fusion-title title fusion-title-2 fusion-title-text fusion-title-size-two\" style=\"--awb-margin-bottom:0px;--awb-font-size:37px;\"><div class=\"title-sep-container title-sep-container-left fusion-no-large-visibility fusion-no-medium-visibility fusion-no-small-visibility\"><div class=\"title-sep sep- sep-solid\" style=\"border-color:var(--awb-color3);\"><\/div><\/div><span class=\"awb-title-spacer fusion-no-large-visibility fusion-no-medium-visibility fusion-no-small-visibility\"><\/span><h2 class=\"fusion-title-heading title-heading-left fusion-responsive-typography-calculated\" style=\"margin:0;font-size:1em;text-transform:none;--fontSize:37;line-height:1.35;\"><p>Von der Idee zum <strong>Gesch\u00e4ftsbetrieb mit 2 Meilensteinen<\/strong><\/p>\n<div id=\"gtx-trans\" style=\"position: absolute; left: 427px; top: -10px;\">\n<div class=\"gtx-trans-icon\"><\/div>\n<\/div><\/h2><span class=\"awb-title-spacer\"><\/span><div class=\"title-sep-container title-sep-container-right\"><div class=\"title-sep sep- sep-solid\" style=\"border-color:var(--awb-color3);\"><\/div><\/div><\/div><\/div><\/div><\/div><\/div><div class=\"fusion-fullwidth fullwidth-box fusion-builder-row-4 fusion-flex-container has-pattern-background has-mask-background nonhundred-percent-fullwidth non-hundred-percent-height-scrolling\" style=\"--awb-border-radius-top-left:0px;--awb-border-radius-top-right:0px;--awb-border-radius-bottom-right:0px;--awb-border-radius-bottom-left:0px;--awb-margin-bottom:50px;--awb-flex-wrap:wrap;\" ><div class=\"fusion-builder-row fusion-row fusion-flex-align-items-flex-start fusion-flex-content-wrap\" style=\"max-width:1216.8px;margin-left: calc(-4% \/ 2 );margin-right: calc(-4% \/ 2 );\"><div class=\"fusion-layout-column fusion_builder_column fusion-builder-column-3 fusion_builder_column_1_1 1_1 fusion-flex-column\" style=\"--awb-bg-size:cover;--awb-width-large:100%;--awb-margin-top-large:0px;--awb-spacing-right-large:1.92%;--awb-margin-bottom-large:20px;--awb-spacing-left-large:1.92%;--awb-width-medium:100%;--awb-order-medium:0;--awb-spacing-right-medium:1.92%;--awb-spacing-left-medium:1.92%;--awb-width-small:100%;--awb-order-small:0;--awb-spacing-right-small:1.92%;--awb-spacing-left-small:1.92%;\"><div class=\"fusion-column-wrapper fusion-column-has-shadow fusion-flex-justify-content-flex-start fusion-content-layout-column\"><div class=\"fusion-text fusion-text-1 fusion-text-no-margin\" style=\"--awb-font-size:var(--awb-typography4-font-size);--awb-margin-bottom:4px;\"><div>\n<p><span lang=\"de-DE\">Grunds\u00e4tzlich liegt jeder Phase eine \u2018Roadmap\u2019 (Aktivit\u00e4ten und Ziele) sowie ein Organisationsschema zugrunde.<\/span><\/p>\n<\/div>\n<div id=\"gtx-trans\" style=\"position: absolute; left: -146px; top: -17px;\">\n<div class=\"gtx-trans-icon\"><\/div>\n<\/div>\n<\/div><\/div><\/div><div class=\"fusion-layout-column fusion_builder_column fusion-builder-column-4 fusion_builder_column_1_1 1_1 fusion-flex-column\" style=\"--awb-bg-size:cover;--awb-width-large:100%;--awb-margin-top-large:0px;--awb-spacing-right-large:1.92%;--awb-margin-bottom-large:20px;--awb-spacing-left-large:1.92%;--awb-width-medium:100%;--awb-order-medium:0;--awb-spacing-right-medium:1.92%;--awb-spacing-left-medium:1.92%;--awb-width-small:100%;--awb-order-small:0;--awb-spacing-right-small:1.92%;--awb-spacing-left-small:1.92%;\"><div class=\"fusion-column-wrapper fusion-column-has-shadow fusion-flex-justify-content-flex-start fusion-content-layout-column\"><div class=\"fusion-text fusion-text-2\"><p><strong><span style=\"color: #9ecc19;\">1. Vom Start zum \u201cKick-off-Meeting\u201d entwickelt: <\/span><\/strong><\/p>\n<\/div><\/div><\/div><div class=\"fusion-layout-column fusion_builder_column fusion-builder-column-5 fusion_builder_column_1_1 1_1 fusion-flex-column\" style=\"--awb-bg-size:cover;--awb-width-large:100%;--awb-margin-top-large:0px;--awb-spacing-right-large:1.92%;--awb-margin-bottom-large:4%;--awb-spacing-left-large:1.92%;--awb-width-medium:100%;--awb-order-medium:0;--awb-spacing-right-medium:1.92%;--awb-spacing-left-medium:1.92%;--awb-width-small:100%;--awb-order-small:0;--awb-spacing-right-small:1.92%;--awb-spacing-left-small:1.92%;\"><div class=\"fusion-column-wrapper fusion-column-has-shadow fusion-flex-justify-content-flex-start fusion-content-layout-column\"><div class=\"fusion-image-element \" style=\"text-align:center;--awb-caption-title-font-family:var(--h2_typography-font-family);--awb-caption-title-font-weight:var(--h2_typography-font-weight);--awb-caption-title-font-style:var(--h2_typography-font-style);--awb-caption-title-size:var(--h2_typography-font-size);--awb-caption-title-transform:var(--h2_typography-text-transform);--awb-caption-title-line-height:var(--h2_typography-line-height);--awb-caption-title-letter-spacing:var(--h2_typography-letter-spacing);\"><span class=\" fusion-imageframe imageframe-none imageframe-1 hover-type-none\"><img decoding=\"async\" width=\"1041\" height=\"633\" src=\"https:\/\/compass-to-balanced-ecology.earth\/wp-content\/uploads\/2023\/09\/start-up-image.jpg\" data-orig-src=\"https:\/\/compass-to-balanced-ecology.earth\/wp-content\/uploads\/2023\/09\/start-up-image.jpg\" alt class=\"lazyload img-responsive wp-image-5628\" srcset=\"data:image\/svg+xml,%3Csvg%20xmlns%3D%27http%3A%2F%2Fwww.w3.org%2F2000%2Fsvg%27%20width%3D%271041%27%20height%3D%27633%27%20viewBox%3D%270%200%201041%20633%27%3E%3Crect%20width%3D%271041%27%20height%3D%27633%27%20fill-opacity%3D%220%22%2F%3E%3C%2Fsvg%3E\" data-srcset=\"https:\/\/compass-to-balanced-ecology.earth\/wp-content\/uploads\/2023\/09\/start-up-image-200x122.jpg 200w, https:\/\/compass-to-balanced-ecology.earth\/wp-content\/uploads\/2023\/09\/start-up-image-400x243.jpg 400w, https:\/\/compass-to-balanced-ecology.earth\/wp-content\/uploads\/2023\/09\/start-up-image-600x365.jpg 600w, https:\/\/compass-to-balanced-ecology.earth\/wp-content\/uploads\/2023\/09\/start-up-image-800x486.jpg 800w, https:\/\/compass-to-balanced-ecology.earth\/wp-content\/uploads\/2023\/09\/start-up-image.jpg 1041w\" data-sizes=\"auto\" data-orig-sizes=\"(max-width: 1024px) 100vw, (max-width: 640px) 100vw, 1041px\" \/><\/span><\/div><div class=\"fusion-text fusion-text-3\" style=\"--awb-content-alignment:center;--awb-font-size:var(--awb-typography5-font-size);--awb-line-height:var(--awb-typography5-line-height);--awb-letter-spacing:var(--awb-typography5-letter-spacing);--awb-text-transform:var(--awb-typography5-text-transform);--awb-margin-top:2%;--awb-text-font-family:var(--awb-typography5-font-family);--awb-text-font-weight:var(--awb-typography5-font-weight);--awb-text-font-style:var(--awb-typography5-font-style);\"><p>Fig.: Business plan, extract Financial Planning.<\/p>\n<\/div><\/div><\/div><div class=\"fusion-layout-column fusion_builder_column fusion-builder-column-6 fusion_builder_column_1_1 1_1 fusion-flex-column\" style=\"--awb-bg-size:cover;--awb-width-large:100%;--awb-margin-top-large:0px;--awb-spacing-right-large:1.92%;--awb-margin-bottom-large:20px;--awb-spacing-left-large:1.92%;--awb-width-medium:100%;--awb-order-medium:0;--awb-spacing-right-medium:1.92%;--awb-spacing-left-medium:1.92%;--awb-width-small:100%;--awb-order-small:0;--awb-spacing-right-small:1.92%;--awb-spacing-left-small:1.92%;\"><div class=\"fusion-column-wrapper fusion-column-has-shadow fusion-flex-justify-content-flex-start fusion-content-layout-column\"><div class=\"fusion-text fusion-text-4\"><p><span lang=\"de-DE\">In der ersten Phase wurde das Konzept inklusive <\/span><span lang=\"de-DE\"><b>Businessplan<\/b><\/span><span lang=\"de-DE\"> (ROI innerhalb von 4 &#8211; 5 Jahren, s. Abb.) entwickelt und \u201a<\/span><span lang=\"de-DE\"><b>Factor<\/b><\/span><span lang=\"de-DE\"> BEE\u2018 genannt. Eine erste Web-Version wurde konzipiert und ver\u00f6ffentlicht. Es stellte sich heraus, da\u00df \u201aFactor\u2018 als feste, definierte Zahl zwischen 0 und 10 verstanden wurde. Dem gegen\u00fcber stand jedoch die Zielsetzung, eine fortlaufende Entwicklung zu repr\u00e4sentieren. Deswegen ersetzten wir in 2023 \u201aFactor\u2018 durch \u201a<\/span><span lang=\"de-DE\"><b>Compass<\/b><\/span><span lang=\"de-DE\">\u2018. Ein Kompass f\u00fchrt, indem er fortlaufend die relative Richtung zum Ziel vorgibt. <\/span><\/p>\n<\/div><div class=\"fusion-text fusion-text-5\"><p><span lang=\"de-DE\">Eine <\/span><span lang=\"de-DE\"><b>Marktuntersuchung<\/b><\/span><span lang=\"de-DE\"> sollte vergleichbarer Ans\u00e4tze finden. Bis heute wurden keine \u00e4hnlich umfassenden Ans\u00e4tze gefunden wie sie CtoBEE bietet.<\/span><\/p>\n<p><span lang=\"de-DE\">Das Konzept wird unterschiedlichen <\/span><span lang=\"de-DE\"><b>Experten, NGOs und Investoren<\/b><\/span><span lang=\"de-DE\"> vorgestellt und um fachliche und finanzielle Unterst\u00fctzung und Zusammenarbeit geworben. Dieser Prozess ist derzeit im Gange.<\/span><\/p>\n<p><span lang=\"de-DE\">Am Ende der ersten Phase steht die <\/span><span lang=\"de-DE\"><b>Finanzierung<\/b><\/span><span lang=\"de-DE\"> der 2. Phase, in der zu Beginn die juristische Einheit gegr\u00fcndet und aufgebaut werden soll. In diesem Zusammenhang sind wir bereits jetzt daran interessiert, <\/span><span lang=\"de-DE\"><b>engagierte Menschen kennenzulernen<\/b><\/span><span lang=\"de-DE\">, die mit Begeisterung und breitem Fachwissen hierzu beitragen m\u00f6chten.<\/span><\/p>\n<\/div><\/div><\/div><div class=\"fusion-layout-column fusion_builder_column fusion-builder-column-7 fusion_builder_column_1_1 1_1 fusion-flex-column\" style=\"--awb-bg-size:cover;--awb-width-large:100%;--awb-margin-top-large:5%;--awb-spacing-right-large:1.92%;--awb-margin-bottom-large:20px;--awb-spacing-left-large:1.92%;--awb-width-medium:100%;--awb-order-medium:0;--awb-spacing-right-medium:1.92%;--awb-spacing-left-medium:1.92%;--awb-width-small:100%;--awb-order-small:0;--awb-spacing-right-small:1.92%;--awb-spacing-left-small:1.92%;\"><div class=\"fusion-column-wrapper fusion-column-has-shadow fusion-flex-justify-content-flex-start fusion-content-layout-column\"><div class=\"fusion-text fusion-text-6\"><p><strong><span style=\"color: #9ecc19;\">2. Vom \u201cKick-off-Meeting\u201d zur Produkteinf\u00fchrung von COMPASS to BEE: <\/span><\/strong><\/p>\n<\/div><div class=\"fusion-text fusion-text-7\"><p><span lang=\"de-DE\">Zu Beginn dieser entscheidenden Phase ist die Gr\u00fcndung und Aufbau der juristischen Einheit vorgesehen. <\/span><\/p>\n<p><span lang=\"de-DE\">Weitere Schritte sind die Ausarbeitung des \u201aHandbuchs\u2018 mit Experten und Universit\u00e4ten. Ein detailliertes Marketing-Konzept sowie erste Pilot-Projekte und Zertifizierungen schlie\u00dfen sich an. Am Ende der 2. Phase steht eine Feedback-Runde an, in der die bisherigen Erfahrungen zusammengetragen und ausgewertet werden um eine erfolgreiche erste anschlie\u00dfende Expansionsphase in Europa zu gew\u00e4hrleisten (s. Abb. oben). <\/span><\/p>\n<\/div><\/div><\/div><\/div><\/div><\/p>\n","protected":false},"excerpt":{"rendered":"","protected":false},"author":1,"featured_media":0,"parent":0,"menu_order":0,"comment_status":"closed","ping_status":"closed","template":"100-width.php","meta":{"footnotes":""},"class_list":["post-6139","page","type-page","status-publish","hentry"],"yoast_head":"<!-- This site is optimized with the Yoast SEO plugin v26.0 - https:\/\/yoast.com\/wordpress\/plugins\/seo\/ -->\n<title>Start-Up<\/title>\n<meta name=\"description\" content=\"Start-Up: from idea to business in 2 milestones. 1. From Scratch to \u201cKick-off-Meeting\u201d developed. 2. From \u201cKick-off-Meeting\u201d to Product COMPASS to BEE launched.\" \/>\n<meta name=\"robots\" content=\"index, follow, max-snippet:-1, max-image-preview:large, max-video-preview:-1\" \/>\n<link rel=\"canonical\" href=\"https:\/\/compass-to-balanced-ecology.earth\/de\/start-up\/\" \/>\n<meta property=\"og:locale\" content=\"de_DE\" \/>\n<meta property=\"og:type\" content=\"article\" \/>\n<meta property=\"og:title\" content=\"Start-Up\" \/>\n<meta property=\"og:description\" content=\"Start-Up: from idea to business in 2 milestones. 1. From Scratch to \u201cKick-off-Meeting\u201d developed. 2. From \u201cKick-off-Meeting\u201d to Product COMPASS to BEE launched.\" \/>\n<meta property=\"og:url\" content=\"https:\/\/compass-to-balanced-ecology.earth\/de\/start-up\/\" \/>\n<meta property=\"og:site_name\" content=\"COMPASS to Balanced Ecology on Earth\" \/>\n<meta property=\"article:modified_time\" content=\"2024-03-12T16:39:38+00:00\" \/>\n<meta name=\"twitter:card\" content=\"summary_large_image\" \/>\n<meta name=\"twitter:label1\" content=\"Gesch\u00e4tzte Lesezeit\" \/>\n\t<meta name=\"twitter:data1\" content=\"2\u00a0Minuten\" \/>\n<script type=\"application\/ld+json\" class=\"yoast-schema-graph\">{\"@context\":\"https:\/\/schema.org\",\"@graph\":[{\"@type\":\"WebPage\",\"@id\":\"https:\/\/compass-to-balanced-ecology.earth\/de\/start-up\/\",\"url\":\"https:\/\/compass-to-balanced-ecology.earth\/de\/start-up\/\",\"name\":\"Start-Up\",\"isPartOf\":{\"@id\":\"https:\/\/compass-to-balanced-ecology.earth\/#website\"},\"datePublished\":\"2023-09-11T12:16:40+00:00\",\"dateModified\":\"2024-03-12T16:39:38+00:00\",\"description\":\"Start-Up: from idea to business in 2 milestones. 1. From Scratch to \u201cKick-off-Meeting\u201d developed. 2. From \u201cKick-off-Meeting\u201d to Product COMPASS to BEE launched.\",\"breadcrumb\":{\"@id\":\"https:\/\/compass-to-balanced-ecology.earth\/de\/start-up\/#breadcrumb\"},\"inLanguage\":\"de\",\"potentialAction\":[{\"@type\":\"ReadAction\",\"target\":[\"https:\/\/compass-to-balanced-ecology.earth\/de\/start-up\/\"]}]},{\"@type\":\"BreadcrumbList\",\"@id\":\"https:\/\/compass-to-balanced-ecology.earth\/de\/start-up\/#breadcrumb\",\"itemListElement\":[{\"@type\":\"ListItem\",\"position\":1,\"name\":\"Portada\",\"item\":\"https:\/\/compass-to-balanced-ecology.earth\/de\/\"},{\"@type\":\"ListItem\",\"position\":2,\"name\":\"Start-Up\"}]},{\"@type\":\"WebSite\",\"@id\":\"https:\/\/compass-to-balanced-ecology.earth\/#website\",\"url\":\"https:\/\/compass-to-balanced-ecology.earth\/\",\"name\":\"COMPASS to Balanced Ecology on Earth\",\"description\":\"Is Worldwide Ecology for next Generations achievable?\",\"publisher\":{\"@id\":\"https:\/\/compass-to-balanced-ecology.earth\/#organization\"},\"potentialAction\":[{\"@type\":\"SearchAction\",\"target\":{\"@type\":\"EntryPoint\",\"urlTemplate\":\"https:\/\/compass-to-balanced-ecology.earth\/?s={search_term_string}\"},\"query-input\":{\"@type\":\"PropertyValueSpecification\",\"valueRequired\":true,\"valueName\":\"search_term_string\"}}],\"inLanguage\":\"de\"},{\"@type\":\"Organization\",\"@id\":\"https:\/\/compass-to-balanced-ecology.earth\/#organization\",\"name\":\"COMPASS to Balanced Ecology on Earth\",\"url\":\"https:\/\/compass-to-balanced-ecology.earth\/\",\"logo\":{\"@type\":\"ImageObject\",\"inLanguage\":\"de\",\"@id\":\"https:\/\/compass-to-balanced-ecology.earth\/#\/schema\/logo\/image\/\",\"url\":\"https:\/\/compass-to-balanced-ecology.earth\/wp-content\/uploads\/2023\/09\/logo-compass-to-bee-yoastseo.jpg\",\"contentUrl\":\"https:\/\/compass-to-balanced-ecology.earth\/wp-content\/uploads\/2023\/09\/logo-compass-to-bee-yoastseo.jpg\",\"width\":696,\"height\":696,\"caption\":\"COMPASS to Balanced Ecology on Earth\"},\"image\":{\"@id\":\"https:\/\/compass-to-balanced-ecology.earth\/#\/schema\/logo\/image\/\"}}]}<\/script>\n<!-- \/ Yoast SEO plugin. -->","yoast_head_json":{"title":"Start-Up","description":"Start-Up: from idea to business in 2 milestones. 1. From Scratch to \u201cKick-off-Meeting\u201d developed. 2. From \u201cKick-off-Meeting\u201d to Product COMPASS to BEE launched.","robots":{"index":"index","follow":"follow","max-snippet":"max-snippet:-1","max-image-preview":"max-image-preview:large","max-video-preview":"max-video-preview:-1"},"canonical":"https:\/\/compass-to-balanced-ecology.earth\/de\/start-up\/","og_locale":"de_DE","og_type":"article","og_title":"Start-Up","og_description":"Start-Up: from idea to business in 2 milestones. 1. From Scratch to \u201cKick-off-Meeting\u201d developed. 2. From \u201cKick-off-Meeting\u201d to Product COMPASS to BEE launched.","og_url":"https:\/\/compass-to-balanced-ecology.earth\/de\/start-up\/","og_site_name":"COMPASS to Balanced Ecology on Earth","article_modified_time":"2024-03-12T16:39:38+00:00","twitter_card":"summary_large_image","twitter_misc":{"Gesch\u00e4tzte Lesezeit":"2\u00a0Minuten"},"schema":{"@context":"https:\/\/schema.org","@graph":[{"@type":"WebPage","@id":"https:\/\/compass-to-balanced-ecology.earth\/de\/start-up\/","url":"https:\/\/compass-to-balanced-ecology.earth\/de\/start-up\/","name":"Start-Up","isPartOf":{"@id":"https:\/\/compass-to-balanced-ecology.earth\/#website"},"datePublished":"2023-09-11T12:16:40+00:00","dateModified":"2024-03-12T16:39:38+00:00","description":"Start-Up: from idea to business in 2 milestones. 1. From Scratch to \u201cKick-off-Meeting\u201d developed. 2. From \u201cKick-off-Meeting\u201d to Product COMPASS to BEE launched.","breadcrumb":{"@id":"https:\/\/compass-to-balanced-ecology.earth\/de\/start-up\/#breadcrumb"},"inLanguage":"de","potentialAction":[{"@type":"ReadAction","target":["https:\/\/compass-to-balanced-ecology.earth\/de\/start-up\/"]}]},{"@type":"BreadcrumbList","@id":"https:\/\/compass-to-balanced-ecology.earth\/de\/start-up\/#breadcrumb","itemListElement":[{"@type":"ListItem","position":1,"name":"Portada","item":"https:\/\/compass-to-balanced-ecology.earth\/de\/"},{"@type":"ListItem","position":2,"name":"Start-Up"}]},{"@type":"WebSite","@id":"https:\/\/compass-to-balanced-ecology.earth\/#website","url":"https:\/\/compass-to-balanced-ecology.earth\/","name":"COMPASS to Balanced Ecology on Earth","description":"Is Worldwide Ecology for next Generations achievable?","publisher":{"@id":"https:\/\/compass-to-balanced-ecology.earth\/#organization"},"potentialAction":[{"@type":"SearchAction","target":{"@type":"EntryPoint","urlTemplate":"https:\/\/compass-to-balanced-ecology.earth\/?s={search_term_string}"},"query-input":{"@type":"PropertyValueSpecification","valueRequired":true,"valueName":"search_term_string"}}],"inLanguage":"de"},{"@type":"Organization","@id":"https:\/\/compass-to-balanced-ecology.earth\/#organization","name":"COMPASS to Balanced Ecology on Earth","url":"https:\/\/compass-to-balanced-ecology.earth\/","logo":{"@type":"ImageObject","inLanguage":"de","@id":"https:\/\/compass-to-balanced-ecology.earth\/#\/schema\/logo\/image\/","url":"https:\/\/compass-to-balanced-ecology.earth\/wp-content\/uploads\/2023\/09\/logo-compass-to-bee-yoastseo.jpg","contentUrl":"https:\/\/compass-to-balanced-ecology.earth\/wp-content\/uploads\/2023\/09\/logo-compass-to-bee-yoastseo.jpg","width":696,"height":696,"caption":"COMPASS to Balanced Ecology on Earth"},"image":{"@id":"https:\/\/compass-to-balanced-ecology.earth\/#\/schema\/logo\/image\/"}}]}},"_links":{"self":[{"href":"https:\/\/compass-to-balanced-ecology.earth\/de\/wp-json\/wp\/v2\/pages\/6139","targetHints":{"allow":["GET"]}}],"collection":[{"href":"https:\/\/compass-to-balanced-ecology.earth\/de\/wp-json\/wp\/v2\/pages"}],"about":[{"href":"https:\/\/compass-to-balanced-ecology.earth\/de\/wp-json\/wp\/v2\/types\/page"}],"author":[{"embeddable":true,"href":"https:\/\/compass-to-balanced-ecology.earth\/de\/wp-json\/wp\/v2\/users\/1"}],"replies":[{"embeddable":true,"href":"https:\/\/compass-to-balanced-ecology.earth\/de\/wp-json\/wp\/v2\/comments?post=6139"}],"version-history":[{"count":2,"href":"https:\/\/compass-to-balanced-ecology.earth\/de\/wp-json\/wp\/v2\/pages\/6139\/revisions"}],"predecessor-version":[{"id":6194,"href":"https:\/\/compass-to-balanced-ecology.earth\/de\/wp-json\/wp\/v2\/pages\/6139\/revisions\/6194"}],"wp:attachment":[{"href":"https:\/\/compass-to-balanced-ecology.earth\/de\/wp-json\/wp\/v2\/media?parent=6139"}],"curies":[{"name":"wp","href":"https:\/\/api.w.org\/{rel}","templated":true}]}}