{"id":5631,"date":"2023-09-11T14:16:40","date_gmt":"2023-09-11T12:16:40","guid":{"rendered":"https:\/\/compass-to-balanced-ecology.earth\/start-up\/"},"modified":"2023-11-27T13:44:54","modified_gmt":"2023-11-27T12:44:54","slug":"start-up","status":"publish","type":"page","link":"https:\/\/compass-to-balanced-ecology.earth\/es\/start-up\/","title":{"rendered":"Start-Up"},"content":{"rendered":"<p><div class=\"fusion-fullwidth fullwidth-box fusion-builder-row-1 fusion-flex-container has-pattern-background has-mask-background fusion-parallax-none hundred-percent-fullwidth non-hundred-percent-height-scrolling lazyload\" style=\"--awb-border-radius-top-left:0px;--awb-border-radius-top-right:0px;--awb-border-radius-bottom-right:0px;--awb-border-radius-bottom-left:0px;--awb-padding-top:0px;--awb-margin-bottom:55px;--awb-min-height:400px;--awb-background-image:linear-gradient(180deg, rgba(255,255,255,0) 46%,rgba(0,0,0,0.73) 100%);;--awb-background-size:cover;--awb-flex-wrap:wrap;\" data-bg=\"https:\/\/compass-to-balanced-ecology.earth\/wp-content\/uploads\/2023\/09\/start-up-image-web.jpg\" data-bg-gradient=\"linear-gradient(180deg, rgba(255,255,255,0) 46%,rgba(0,0,0,0.73) 100%)\" ><div class=\"fusion-builder-row fusion-row fusion-flex-align-items-flex-start fusion-flex-content-wrap\" style=\"width:104% !important;max-width:104% !important;margin-left: calc(-4% \/ 2 );margin-right: calc(-4% \/ 2 );\"><div class=\"fusion-layout-column fusion_builder_column fusion-builder-column-0 fusion_builder_column_1_1 1_1 fusion-flex-column fusion-flex-align-self-flex-end\" style=\"--awb-bg-size:cover;--awb-width-large:100%;--awb-margin-top-large:0px;--awb-spacing-right-large:1.92%;--awb-margin-bottom-large:20px;--awb-spacing-left-large:1.92%;--awb-width-medium:100%;--awb-order-medium:0;--awb-spacing-right-medium:1.92%;--awb-spacing-left-medium:1.92%;--awb-width-small:100%;--awb-order-small:0;--awb-spacing-right-small:1.92%;--awb-spacing-left-small:1.92%;\"><div class=\"fusion-column-wrapper fusion-column-has-shadow fusion-flex-justify-content-flex-end fusion-content-layout-column\"><div class=\"fusion-title title fusion-title-1 fusion-title-center fusion-title-text fusion-title-size-one\" style=\"--awb-text-color:var(--awb-color1);\"><div class=\"title-sep-container title-sep-container-left\"><div class=\"title-sep sep- sep-solid\" style=\"border-color:var(--awb-color3);\"><\/div><\/div><span class=\"awb-title-spacer\"><\/span><h1 class=\"fusion-title-heading title-heading-center fusion-responsive-typography-calculated\" style=\"margin:0;text-transform:capitalize;--fontSize:60;line-height:var(--awb-typography1-line-height);\">Start-Up<\/h1><span class=\"awb-title-spacer\"><\/span><div class=\"title-sep-container title-sep-container-right\"><div class=\"title-sep sep- sep-solid\" style=\"border-color:var(--awb-color3);\"><\/div><\/div><\/div><\/div><\/div><\/div><\/div><div class=\"fusion-fullwidth fullwidth-box fusion-builder-row-2 fusion-flex-container has-pattern-background has-mask-background nonhundred-percent-fullwidth non-hundred-percent-height-scrolling\" style=\"--awb-border-radius-top-left:0px;--awb-border-radius-top-right:0px;--awb-border-radius-bottom-right:0px;--awb-border-radius-bottom-left:0px;--awb-margin-bottom:5%;--awb-margin-bottom-medium:5%;--awb-margin-bottom-small:5%;--awb-flex-wrap:wrap;\" ><div class=\"fusion-builder-row fusion-row fusion-flex-align-items-flex-start fusion-flex-content-wrap\" style=\"max-width:1216.8px;margin-left: calc(-4% \/ 2 );margin-right: calc(-4% \/ 2 );\"><div class=\"fusion-layout-column fusion_builder_column fusion-builder-column-1 fusion_builder_column_1_1 1_1 fusion-flex-column fusion-flex-align-self-center\" style=\"--awb-bg-size:cover;--awb-width-large:100%;--awb-margin-top-large:0px;--awb-spacing-right-large:1.92%;--awb-margin-bottom-large:0px;--awb-spacing-left-large:1.92%;--awb-width-medium:100%;--awb-order-medium:0;--awb-spacing-right-medium:1.92%;--awb-spacing-left-medium:1.92%;--awb-width-small:100%;--awb-order-small:0;--awb-spacing-right-small:1.92%;--awb-spacing-left-small:1.92%;\"><div class=\"fusion-column-wrapper fusion-column-has-shadow fusion-flex-justify-content-center fusion-content-layout-column\"><div class=\"printfriendly pf-button  pf-aligncenter\">\n                    <a href=\"#\" rel=\"nofollow\" onclick=\"window.print(); pfTrackEvent(&#039;Start-Up&#039;); return false;\" title=\"Printer Friendly, PDF & Email\">\n                    <img decoding=\"async\" class=\"lazyload pf-button-img\" src=\"data:image\/gif;base64,R0lGODlhAQABAAAAACH5BAEKAAEALAAAAAABAAEAAAICTAEAOw==\" data-orig-src=\"https:\/\/cdn.printfriendly.com\/buttons\/print-button-nobg.png\" alt=\"Print Friendly, PDF & Email\" style=\"width: 66px;height: 24px;\"  \/>\n                    <\/a>\n                <\/div><\/div><\/div><\/div><\/div><div class=\"fusion-fullwidth fullwidth-box fusion-builder-row-3 fusion-flex-container has-pattern-background has-mask-background nonhundred-percent-fullwidth non-hundred-percent-height-scrolling fusion-animated\" style=\"--awb-border-radius-top-left:0px;--awb-border-radius-top-right:0px;--awb-border-radius-bottom-right:0px;--awb-border-radius-bottom-left:0px;--awb-margin-bottom:60px;--awb-margin-bottom-medium:30px;--awb-margin-bottom-small:30px;--awb-flex-wrap:wrap;\" data-animationType=\"fadeInUp\" data-animationDuration=\"1.3\" data-animationOffset=\"top-into-view\" ><div class=\"fusion-builder-row fusion-row fusion-flex-align-items-center fusion-flex-content-wrap\" style=\"max-width:1216.8px;margin-left: calc(-4% \/ 2 );margin-right: calc(-4% \/ 2 );\"><div class=\"fusion-layout-column fusion_builder_column fusion-builder-column-2 fusion_builder_column_1_1 1_1 fusion-flex-column\" style=\"--awb-bg-blend:overlay;--awb-bg-size:cover;--awb-width-large:100%;--awb-margin-top-large:0px;--awb-spacing-right-large:1.92%;--awb-margin-bottom-large:0px;--awb-spacing-left-large:1.92%;--awb-width-medium:100%;--awb-order-medium:0;--awb-spacing-right-medium:1.92%;--awb-spacing-left-medium:1.92%;--awb-width-small:100%;--awb-order-small:0;--awb-spacing-right-small:1.92%;--awb-margin-bottom-small:15px;--awb-spacing-left-small:1.92%;\" data-scroll-devices=\"small-visibility,medium-visibility,large-visibility\"><div class=\"fusion-column-wrapper fusion-column-has-shadow fusion-flex-justify-content-flex-start fusion-content-layout-column\"><div class=\"fusion-title title fusion-title-2 fusion-title-text fusion-title-size-two\" style=\"--awb-margin-bottom:0px;--awb-font-size:37px;\"><div class=\"title-sep-container title-sep-container-left fusion-no-large-visibility fusion-no-medium-visibility fusion-no-small-visibility\"><div class=\"title-sep sep- sep-solid\" style=\"border-color:var(--awb-color3);\"><\/div><\/div><span class=\"awb-title-spacer fusion-no-large-visibility fusion-no-medium-visibility fusion-no-small-visibility\"><\/span><h2 class=\"fusion-title-heading title-heading-left fusion-responsive-typography-calculated\" style=\"margin:0;font-size:1em;text-transform:none;--fontSize:37;line-height:1.35;\">De la idea al <strong>negocio en 2 metas<\/strong><\/h2><span class=\"awb-title-spacer\"><\/span><div class=\"title-sep-container title-sep-container-right\"><div class=\"title-sep sep- sep-solid\" style=\"border-color:var(--awb-color3);\"><\/div><\/div><\/div><\/div><\/div><\/div><\/div><div class=\"fusion-fullwidth fullwidth-box fusion-builder-row-4 fusion-flex-container has-pattern-background has-mask-background nonhundred-percent-fullwidth non-hundred-percent-height-scrolling\" style=\"--awb-border-radius-top-left:0px;--awb-border-radius-top-right:0px;--awb-border-radius-bottom-right:0px;--awb-border-radius-bottom-left:0px;--awb-margin-bottom:50px;--awb-flex-wrap:wrap;\" ><div class=\"fusion-builder-row fusion-row fusion-flex-align-items-flex-start fusion-flex-content-wrap\" style=\"max-width:1216.8px;margin-left: calc(-4% \/ 2 );margin-right: calc(-4% \/ 2 );\"><div class=\"fusion-layout-column fusion_builder_column fusion-builder-column-3 fusion_builder_column_1_1 1_1 fusion-flex-column\" style=\"--awb-bg-size:cover;--awb-width-large:100%;--awb-margin-top-large:0px;--awb-spacing-right-large:1.92%;--awb-margin-bottom-large:20px;--awb-spacing-left-large:1.92%;--awb-width-medium:100%;--awb-order-medium:0;--awb-spacing-right-medium:1.92%;--awb-spacing-left-medium:1.92%;--awb-width-small:100%;--awb-order-small:0;--awb-spacing-right-small:1.92%;--awb-spacing-left-small:1.92%;\"><div class=\"fusion-column-wrapper fusion-column-has-shadow fusion-flex-justify-content-flex-start fusion-content-layout-column\"><div class=\"fusion-text fusion-text-1 fusion-text-no-margin\" style=\"--awb-font-size:var(--awb-typography4-font-size);--awb-margin-bottom:4px;\"><p>B\u00e1sicamente, cada fase se basa en una \u00abhoja de ruta\u00bb (actividades y objetivos) y un esquema organizativo.<\/p>\n<\/div><\/div><\/div><div class=\"fusion-layout-column fusion_builder_column fusion-builder-column-4 fusion_builder_column_1_1 1_1 fusion-flex-column\" style=\"--awb-bg-size:cover;--awb-width-large:100%;--awb-margin-top-large:0px;--awb-spacing-right-large:1.92%;--awb-margin-bottom-large:20px;--awb-spacing-left-large:1.92%;--awb-width-medium:100%;--awb-order-medium:0;--awb-spacing-right-medium:1.92%;--awb-spacing-left-medium:1.92%;--awb-width-small:100%;--awb-order-small:0;--awb-spacing-right-small:1.92%;--awb-spacing-left-small:1.92%;\"><div class=\"fusion-column-wrapper fusion-column-has-shadow fusion-flex-justify-content-flex-start fusion-content-layout-column\"><div class=\"fusion-text fusion-text-2\"><p><strong><span style=\"color: #9ecc19;\">1. Desde el inicio al \u201cKick-off-Meeting\u201d desarrollada:<\/span><\/strong><\/p>\n<\/div><\/div><\/div><div class=\"fusion-layout-column fusion_builder_column fusion-builder-column-5 fusion_builder_column_1_1 1_1 fusion-flex-column\" style=\"--awb-bg-size:cover;--awb-width-large:100%;--awb-margin-top-large:0px;--awb-spacing-right-large:1.92%;--awb-margin-bottom-large:4%;--awb-spacing-left-large:1.92%;--awb-width-medium:100%;--awb-order-medium:0;--awb-spacing-right-medium:1.92%;--awb-spacing-left-medium:1.92%;--awb-width-small:100%;--awb-order-small:0;--awb-spacing-right-small:1.92%;--awb-spacing-left-small:1.92%;\"><div class=\"fusion-column-wrapper fusion-column-has-shadow fusion-flex-justify-content-flex-start fusion-content-layout-column\"><div class=\"fusion-image-element \" style=\"text-align:center;--awb-caption-title-font-family:var(--h2_typography-font-family);--awb-caption-title-font-weight:var(--h2_typography-font-weight);--awb-caption-title-font-style:var(--h2_typography-font-style);--awb-caption-title-size:var(--h2_typography-font-size);--awb-caption-title-transform:var(--h2_typography-text-transform);--awb-caption-title-line-height:var(--h2_typography-line-height);--awb-caption-title-letter-spacing:var(--h2_typography-letter-spacing);\"><span class=\" fusion-imageframe imageframe-none imageframe-1 hover-type-none\"><img decoding=\"async\" width=\"1041\" height=\"633\" src=\"https:\/\/compass-to-balanced-ecology.earth\/wp-content\/uploads\/2023\/09\/start-up-image.jpg\" data-orig-src=\"https:\/\/compass-to-balanced-ecology.earth\/wp-content\/uploads\/2023\/09\/start-up-image.jpg\" alt class=\"lazyload img-responsive wp-image-5629\" srcset=\"data:image\/svg+xml,%3Csvg%20xmlns%3D%27http%3A%2F%2Fwww.w3.org%2F2000%2Fsvg%27%20width%3D%271041%27%20height%3D%27633%27%20viewBox%3D%270%200%201041%20633%27%3E%3Crect%20width%3D%271041%27%20height%3D%27633%27%20fill-opacity%3D%220%22%2F%3E%3C%2Fsvg%3E\" data-srcset=\"https:\/\/compass-to-balanced-ecology.earth\/wp-content\/uploads\/2023\/09\/start-up-image-200x122.jpg 200w, https:\/\/compass-to-balanced-ecology.earth\/wp-content\/uploads\/2023\/09\/start-up-image-400x243.jpg 400w, https:\/\/compass-to-balanced-ecology.earth\/wp-content\/uploads\/2023\/09\/start-up-image-600x365.jpg 600w, https:\/\/compass-to-balanced-ecology.earth\/wp-content\/uploads\/2023\/09\/start-up-image-800x486.jpg 800w, https:\/\/compass-to-balanced-ecology.earth\/wp-content\/uploads\/2023\/09\/start-up-image.jpg 1041w\" data-sizes=\"auto\" data-orig-sizes=\"(max-width: 1024px) 100vw, (max-width: 640px) 100vw, 1041px\" \/><\/span><\/div><div class=\"fusion-text fusion-text-3\" style=\"--awb-content-alignment:center;--awb-font-size:var(--awb-typography5-font-size);--awb-line-height:var(--awb-typography5-line-height);--awb-letter-spacing:var(--awb-typography5-letter-spacing);--awb-text-transform:var(--awb-typography5-text-transform);--awb-margin-top:2%;--awb-text-font-family:var(--awb-typography5-font-family);--awb-text-font-weight:var(--awb-typography5-font-weight);--awb-text-font-style:var(--awb-typography5-font-style);\"><p>Fig.: plan de negocio, Planificaci\u00f3n financiera (extracto)<\/p>\n<\/div><\/div><\/div><div class=\"fusion-layout-column fusion_builder_column fusion-builder-column-6 fusion_builder_column_1_1 1_1 fusion-flex-column\" style=\"--awb-bg-size:cover;--awb-width-large:100%;--awb-margin-top-large:0px;--awb-spacing-right-large:1.92%;--awb-margin-bottom-large:20px;--awb-spacing-left-large:1.92%;--awb-width-medium:100%;--awb-order-medium:0;--awb-spacing-right-medium:1.92%;--awb-spacing-left-medium:1.92%;--awb-width-small:100%;--awb-order-small:0;--awb-spacing-right-small:1.92%;--awb-spacing-left-small:1.92%;\"><div class=\"fusion-column-wrapper fusion-column-has-shadow fusion-flex-justify-content-flex-start fusion-content-layout-column\"><div class=\"fusion-text fusion-text-4\"><p>En la primera fase, se desarroll\u00f3 el concepto, que inclu\u00eda un <strong>plan de negocio<\/strong> (retorno de la inversi\u00f3n en un plazo de 3 a 4 a\u00f1os, v\u00e9ase la figura) y se denomin\u00f3 <strong>\u00abFactor BEE\u00bb<\/strong>. Se dise\u00f1\u00f3 y public\u00f3 una primera versi\u00f3n web. Result\u00f3 que \u00abFactor\u00bb se entend\u00eda como un n\u00famero fijo y definido entre 0 y 10. Sin embargo, a esto se opon\u00eda el objetivo de representar un desarrollo continuo. Por ello, en 2023 sustituimos \u00abFactor\u00bb por \u00abBr\u00fajula\u00bb (<strong>&#8216;Compass&#8217;<\/strong>): Una br\u00fajula gu\u00eda continuamente indicando la direcci\u00f3n relativa hacia el objetivo.<\/p>\n<\/div><div class=\"fusion-text fusion-text-5\"><p>La<strong> investigaci\u00f3n de mercado<\/strong> debe identificar enfoques comparables. Hasta la fecha, no se han encontrado enfoques tan completos como el que ofrece CtoBEE.\u00a0El concepto se presenta a diferentes <strong>expertos, ONG e inversores<\/strong> para obtener apoyo y cooperaci\u00f3n profesional y financiera. Esto est\u00e1 actualmente en curso.<\/p>\n<p>Al final de la 1\u00aa fase, se cuenta con la <strong>financiaci\u00f3n<\/strong> de la 2\u00aa fase. Al principio de esta fase, se fundar\u00e1 y establecer\u00e1 la entidad jur\u00eddica. En este contexto, ya estamos interesados en <strong>conocer a personas comprometidas<\/strong> que quieran contribuir a ello con entusiasmo y su amplia experiencia.<\/p>\n<\/div><\/div><\/div><div class=\"fusion-layout-column fusion_builder_column fusion-builder-column-7 fusion_builder_column_1_1 1_1 fusion-flex-column\" style=\"--awb-bg-size:cover;--awb-width-large:100%;--awb-margin-top-large:5%;--awb-spacing-right-large:1.92%;--awb-margin-bottom-large:20px;--awb-spacing-left-large:1.92%;--awb-width-medium:100%;--awb-order-medium:0;--awb-spacing-right-medium:1.92%;--awb-spacing-left-medium:1.92%;--awb-width-small:100%;--awb-order-small:0;--awb-spacing-right-small:1.92%;--awb-spacing-left-small:1.92%;\"><div class=\"fusion-column-wrapper fusion-column-has-shadow fusion-flex-justify-content-flex-start fusion-content-layout-column\"><div class=\"fusion-text fusion-text-6\"><p><strong><span style=\"color: #9ecc19;\">2. Desde \u201cKick-off-Meeting\u201d a la puesta en marcha del producto &#8216;<\/span><\/strong><strong><span style=\"color: #9ecc19;\">COMPASS to BEE&#8217;: <\/span><\/strong><\/p>\n<\/div><div class=\"fusion-text fusion-text-7\"><p>Al principio de esta fase crucial, est\u00e1 prevista la creaci\u00f3n y puesta en marcha de la entidad jur\u00eddica.<\/p>\n<p>Otros pasos son la elaboraci\u00f3n del \u00abManual\u00bb con expertos y universidades. A continuaci\u00f3n, se elaborar\u00e1 un concepto detallado de comercializaci\u00f3n, as\u00ed como los primeros proyectos piloto y certificaciones. Al final de la segunda fase, est\u00e1 prevista una ronda de evaluaci\u00f3n en la que se recopilar\u00e1n y valorar\u00e1n las experiencias anteriores para garantizar el \u00e9xito de la primera fase de expansi\u00f3n en Europa. (fig. arriba).<\/p>\n<\/div><\/div><\/div><\/div><\/div><\/p>\n","protected":false},"excerpt":{"rendered":"","protected":false},"author":1,"featured_media":0,"parent":0,"menu_order":0,"comment_status":"closed","ping_status":"closed","template":"100-width.php","meta":{"footnotes":""},"class_list":["post-5631","page","type-page","status-publish","hentry"],"yoast_head":"<!-- This site is optimized with the Yoast SEO plugin v26.0 - https:\/\/yoast.com\/wordpress\/plugins\/seo\/ -->\n<title>Start-Up - COMPASS to Balanced Ecology on Earth<\/title>\n<meta name=\"description\" content=\"Start-Up: de la idea al negocio en 2 hitos. 1. Se desarroll\u00f3 desde cero hasta la \u201creuni\u00f3n inicial\u201d. 2. De la \u201creuni\u00f3n inicial\u201d al lanzamiento del producto COMPASS to BEE.\" \/>\n<meta name=\"robots\" content=\"index, follow, max-snippet:-1, max-image-preview:large, max-video-preview:-1\" \/>\n<link rel=\"canonical\" href=\"https:\/\/compass-to-balanced-ecology.earth\/es\/start-up\/\" \/>\n<meta property=\"og:locale\" content=\"es_ES\" \/>\n<meta property=\"og:type\" content=\"article\" \/>\n<meta property=\"og:title\" content=\"Start-Up - COMPASS to Balanced Ecology on Earth\" \/>\n<meta property=\"og:description\" content=\"Start-Up: de la idea al negocio en 2 hitos. 1. Se desarroll\u00f3 desde cero hasta la \u201creuni\u00f3n inicial\u201d. 2. De la \u201creuni\u00f3n inicial\u201d al lanzamiento del producto COMPASS to BEE.\" \/>\n<meta property=\"og:url\" content=\"https:\/\/compass-to-balanced-ecology.earth\/es\/start-up\/\" \/>\n<meta property=\"og:site_name\" content=\"COMPASS to Balanced Ecology on Earth\" \/>\n<meta property=\"article:modified_time\" content=\"2023-11-27T12:44:54+00:00\" \/>\n<meta name=\"twitter:card\" content=\"summary_large_image\" \/>\n<meta name=\"twitter:label1\" content=\"Tiempo de lectura\" \/>\n\t<meta name=\"twitter:data1\" content=\"7 minutos\" \/>\n<script type=\"application\/ld+json\" class=\"yoast-schema-graph\">{\"@context\":\"https:\/\/schema.org\",\"@graph\":[{\"@type\":\"WebPage\",\"@id\":\"https:\/\/compass-to-balanced-ecology.earth\/es\/start-up\/\",\"url\":\"https:\/\/compass-to-balanced-ecology.earth\/es\/start-up\/\",\"name\":\"Start-Up - COMPASS to Balanced Ecology on Earth\",\"isPartOf\":{\"@id\":\"https:\/\/compass-to-balanced-ecology.earth\/#website\"},\"datePublished\":\"2023-09-11T12:16:40+00:00\",\"dateModified\":\"2023-11-27T12:44:54+00:00\",\"description\":\"Start-Up: de la idea al negocio en 2 hitos. 1. Se desarroll\u00f3 desde cero hasta la \u201creuni\u00f3n inicial\u201d. 2. De la \u201creuni\u00f3n inicial\u201d al lanzamiento del producto COMPASS to BEE.\",\"breadcrumb\":{\"@id\":\"https:\/\/compass-to-balanced-ecology.earth\/es\/start-up\/#breadcrumb\"},\"inLanguage\":\"es\",\"potentialAction\":[{\"@type\":\"ReadAction\",\"target\":[\"https:\/\/compass-to-balanced-ecology.earth\/es\/start-up\/\"]}]},{\"@type\":\"BreadcrumbList\",\"@id\":\"https:\/\/compass-to-balanced-ecology.earth\/es\/start-up\/#breadcrumb\",\"itemListElement\":[{\"@type\":\"ListItem\",\"position\":1,\"name\":\"Portada\",\"item\":\"https:\/\/compass-to-balanced-ecology.earth\/es\/\"},{\"@type\":\"ListItem\",\"position\":2,\"name\":\"Start-Up\"}]},{\"@type\":\"WebSite\",\"@id\":\"https:\/\/compass-to-balanced-ecology.earth\/#website\",\"url\":\"https:\/\/compass-to-balanced-ecology.earth\/\",\"name\":\"COMPASS to Balanced Ecology on Earth\",\"description\":\"Is Worldwide Ecology for next Generations achievable?\",\"publisher\":{\"@id\":\"https:\/\/compass-to-balanced-ecology.earth\/#organization\"},\"potentialAction\":[{\"@type\":\"SearchAction\",\"target\":{\"@type\":\"EntryPoint\",\"urlTemplate\":\"https:\/\/compass-to-balanced-ecology.earth\/?s={search_term_string}\"},\"query-input\":{\"@type\":\"PropertyValueSpecification\",\"valueRequired\":true,\"valueName\":\"search_term_string\"}}],\"inLanguage\":\"es\"},{\"@type\":\"Organization\",\"@id\":\"https:\/\/compass-to-balanced-ecology.earth\/#organization\",\"name\":\"COMPASS to Balanced Ecology on Earth\",\"url\":\"https:\/\/compass-to-balanced-ecology.earth\/\",\"logo\":{\"@type\":\"ImageObject\",\"inLanguage\":\"es\",\"@id\":\"https:\/\/compass-to-balanced-ecology.earth\/#\/schema\/logo\/image\/\",\"url\":\"https:\/\/compass-to-balanced-ecology.earth\/wp-content\/uploads\/2023\/09\/logo-compass-to-bee-yoastseo.jpg\",\"contentUrl\":\"https:\/\/compass-to-balanced-ecology.earth\/wp-content\/uploads\/2023\/09\/logo-compass-to-bee-yoastseo.jpg\",\"width\":696,\"height\":696,\"caption\":\"COMPASS to Balanced Ecology on Earth\"},\"image\":{\"@id\":\"https:\/\/compass-to-balanced-ecology.earth\/#\/schema\/logo\/image\/\"}}]}<\/script>\n<!-- \/ Yoast SEO plugin. -->","yoast_head_json":{"title":"Start-Up - COMPASS to Balanced Ecology on Earth","description":"Start-Up: de la idea al negocio en 2 hitos. 1. Se desarroll\u00f3 desde cero hasta la \u201creuni\u00f3n inicial\u201d. 2. De la \u201creuni\u00f3n inicial\u201d al lanzamiento del producto COMPASS to BEE.","robots":{"index":"index","follow":"follow","max-snippet":"max-snippet:-1","max-image-preview":"max-image-preview:large","max-video-preview":"max-video-preview:-1"},"canonical":"https:\/\/compass-to-balanced-ecology.earth\/es\/start-up\/","og_locale":"es_ES","og_type":"article","og_title":"Start-Up - COMPASS to Balanced Ecology on Earth","og_description":"Start-Up: de la idea al negocio en 2 hitos. 1. Se desarroll\u00f3 desde cero hasta la \u201creuni\u00f3n inicial\u201d. 2. De la \u201creuni\u00f3n inicial\u201d al lanzamiento del producto COMPASS to BEE.","og_url":"https:\/\/compass-to-balanced-ecology.earth\/es\/start-up\/","og_site_name":"COMPASS to Balanced Ecology on Earth","article_modified_time":"2023-11-27T12:44:54+00:00","twitter_card":"summary_large_image","twitter_misc":{"Tiempo de lectura":"7 minutos"},"schema":{"@context":"https:\/\/schema.org","@graph":[{"@type":"WebPage","@id":"https:\/\/compass-to-balanced-ecology.earth\/es\/start-up\/","url":"https:\/\/compass-to-balanced-ecology.earth\/es\/start-up\/","name":"Start-Up - COMPASS to Balanced Ecology on Earth","isPartOf":{"@id":"https:\/\/compass-to-balanced-ecology.earth\/#website"},"datePublished":"2023-09-11T12:16:40+00:00","dateModified":"2023-11-27T12:44:54+00:00","description":"Start-Up: de la idea al negocio en 2 hitos. 1. Se desarroll\u00f3 desde cero hasta la \u201creuni\u00f3n inicial\u201d. 2. De la \u201creuni\u00f3n inicial\u201d al lanzamiento del producto COMPASS to BEE.","breadcrumb":{"@id":"https:\/\/compass-to-balanced-ecology.earth\/es\/start-up\/#breadcrumb"},"inLanguage":"es","potentialAction":[{"@type":"ReadAction","target":["https:\/\/compass-to-balanced-ecology.earth\/es\/start-up\/"]}]},{"@type":"BreadcrumbList","@id":"https:\/\/compass-to-balanced-ecology.earth\/es\/start-up\/#breadcrumb","itemListElement":[{"@type":"ListItem","position":1,"name":"Portada","item":"https:\/\/compass-to-balanced-ecology.earth\/es\/"},{"@type":"ListItem","position":2,"name":"Start-Up"}]},{"@type":"WebSite","@id":"https:\/\/compass-to-balanced-ecology.earth\/#website","url":"https:\/\/compass-to-balanced-ecology.earth\/","name":"COMPASS to Balanced Ecology on Earth","description":"Is Worldwide Ecology for next Generations achievable?","publisher":{"@id":"https:\/\/compass-to-balanced-ecology.earth\/#organization"},"potentialAction":[{"@type":"SearchAction","target":{"@type":"EntryPoint","urlTemplate":"https:\/\/compass-to-balanced-ecology.earth\/?s={search_term_string}"},"query-input":{"@type":"PropertyValueSpecification","valueRequired":true,"valueName":"search_term_string"}}],"inLanguage":"es"},{"@type":"Organization","@id":"https:\/\/compass-to-balanced-ecology.earth\/#organization","name":"COMPASS to Balanced Ecology on Earth","url":"https:\/\/compass-to-balanced-ecology.earth\/","logo":{"@type":"ImageObject","inLanguage":"es","@id":"https:\/\/compass-to-balanced-ecology.earth\/#\/schema\/logo\/image\/","url":"https:\/\/compass-to-balanced-ecology.earth\/wp-content\/uploads\/2023\/09\/logo-compass-to-bee-yoastseo.jpg","contentUrl":"https:\/\/compass-to-balanced-ecology.earth\/wp-content\/uploads\/2023\/09\/logo-compass-to-bee-yoastseo.jpg","width":696,"height":696,"caption":"COMPASS to Balanced Ecology on Earth"},"image":{"@id":"https:\/\/compass-to-balanced-ecology.earth\/#\/schema\/logo\/image\/"}}]}},"_links":{"self":[{"href":"https:\/\/compass-to-balanced-ecology.earth\/es\/wp-json\/wp\/v2\/pages\/5631","targetHints":{"allow":["GET"]}}],"collection":[{"href":"https:\/\/compass-to-balanced-ecology.earth\/es\/wp-json\/wp\/v2\/pages"}],"about":[{"href":"https:\/\/compass-to-balanced-ecology.earth\/es\/wp-json\/wp\/v2\/types\/page"}],"author":[{"embeddable":true,"href":"https:\/\/compass-to-balanced-ecology.earth\/es\/wp-json\/wp\/v2\/users\/1"}],"replies":[{"embeddable":true,"href":"https:\/\/compass-to-balanced-ecology.earth\/es\/wp-json\/wp\/v2\/comments?post=5631"}],"version-history":[{"count":5,"href":"https:\/\/compass-to-balanced-ecology.earth\/es\/wp-json\/wp\/v2\/pages\/5631\/revisions"}],"predecessor-version":[{"id":6072,"href":"https:\/\/compass-to-balanced-ecology.earth\/es\/wp-json\/wp\/v2\/pages\/5631\/revisions\/6072"}],"wp:attachment":[{"href":"https:\/\/compass-to-balanced-ecology.earth\/es\/wp-json\/wp\/v2\/media?parent=5631"}],"curies":[{"name":"wp","href":"https:\/\/api.w.org\/{rel}","templated":true}]}}