{"id":6002,"date":"2023-10-17T10:42:18","date_gmt":"2023-10-17T08:42:18","guid":{"rendered":"https:\/\/compass-to-balanced-ecology.earth\/ways-contribute\/"},"modified":"2023-11-27T09:59:52","modified_gmt":"2023-11-27T08:59:52","slug":"maneras-de-contribuir","status":"publish","type":"page","link":"https:\/\/compass-to-balanced-ecology.earth\/es\/maneras-de-contribuir\/","title":{"rendered":"Maneras de contribuir"},"content":{"rendered":"<p><div class=\"fusion-fullwidth fullwidth-box fusion-builder-row-1 fusion-flex-container nonhundred-percent-fullwidth non-hundred-percent-height-scrolling fusion-animated\" style=\"--awb-border-radius-top-left:0px;--awb-border-radius-top-right:0px;--awb-border-radius-bottom-right:0px;--awb-border-radius-bottom-left:0px;--awb-padding-top:40px;--awb-padding-bottom:0px;--awb-margin-bottom:60px;--awb-margin-bottom-medium:30px;--awb-margin-bottom-small:0px;--awb-flex-wrap:wrap;\" data-animationType=\"fadeInUp\" data-animationDuration=\"1.3\" data-animationOffset=\"top-into-view\" ><div class=\"fusion-builder-row fusion-row fusion-flex-align-items-center fusion-flex-content-wrap\" style=\"max-width:1216.8px;margin-left: calc(-4% \/ 2 );margin-right: calc(-4% \/ 2 );\"><div class=\"fusion-layout-column fusion_builder_column fusion-builder-column-0 fusion_builder_column_1_1 1_1 fusion-flex-column\" style=\"--awb-bg-blend:overlay;--awb-bg-size:cover;--awb-width-large:100%;--awb-margin-top-large:0px;--awb-spacing-right-large:1.92%;--awb-margin-bottom-large:0px;--awb-spacing-left-large:1.92%;--awb-width-medium:40%;--awb-spacing-right-medium:4.8%;--awb-spacing-left-medium:4.8%;--awb-width-small:100%;--awb-spacing-right-small:1.92%;--awb-margin-bottom-small:15px;--awb-spacing-left-small:1.92%;\"><div class=\"fusion-column-wrapper fusion-flex-justify-content-flex-start fusion-content-layout-column\"><div class=\"fusion-title title fusion-title-1 fusion-title-text fusion-title-size-two\" style=\"--awb-margin-bottom:0px;--awb-font-size:37px;\"><div class=\"title-sep-container title-sep-container-left fusion-no-large-visibility fusion-no-medium-visibility fusion-no-small-visibility\"><div class=\"title-sep sep- sep-solid\" style=\"border-color:var(--awb-color3);\"><\/div><\/div><span class=\"awb-title-spacer fusion-no-large-visibility fusion-no-medium-visibility fusion-no-small-visibility\"><\/span><h2 class=\"fusion-title-heading title-heading-left fusion-responsive-typography-calculated\" style=\"margin:0;font-size:1em;text-transform:none;--fontSize:37;line-height:1.35;\">Maneras de contribuir<\/h2><span class=\"awb-title-spacer\"><\/span><div class=\"title-sep-container title-sep-container-right\"><div class=\"title-sep sep- sep-solid\" style=\"border-color:var(--awb-color3);\"><\/div><\/div><\/div><\/div><\/div><\/div><\/div><div class=\"fusion-fullwidth fullwidth-box fusion-builder-row-2 fusion-flex-container has-pattern-background has-mask-background nonhundred-percent-fullwidth non-hundred-percent-height-scrolling\" style=\"--awb-border-sizes-top:1px;--awb-border-color:var(--awb-color4);--awb-border-radius-top-left:0px;--awb-border-radius-top-right:0px;--awb-border-radius-bottom-right:0px;--awb-border-radius-bottom-left:0px;--awb-padding-top:1%;--awb-flex-wrap:wrap;\" ><div class=\"fusion-builder-row fusion-row fusion-flex-align-items-flex-start fusion-flex-content-wrap\" style=\"max-width:1216.8px;margin-left: calc(-4% \/ 2 );margin-right: calc(-4% \/ 2 );\"><div class=\"fusion-layout-column fusion_builder_column fusion-builder-column-1 fusion_builder_column_1_1 1_1 fusion-flex-column fusion-flex-align-self-center\" style=\"--awb-bg-size:cover;--awb-width-large:100%;--awb-margin-top-large:0px;--awb-spacing-right-large:1.92%;--awb-margin-bottom-large:0px;--awb-spacing-left-large:1.92%;--awb-width-medium:100%;--awb-order-medium:0;--awb-spacing-right-medium:1.92%;--awb-spacing-left-medium:1.92%;--awb-width-small:100%;--awb-order-small:0;--awb-spacing-right-small:1.92%;--awb-spacing-left-small:1.92%;\"><div class=\"fusion-column-wrapper fusion-column-has-shadow fusion-flex-justify-content-center fusion-content-layout-column\"><div class=\"printfriendly pf-button  pf-aligncenter\">\n                    <a href=\"#\" rel=\"nofollow\" onclick=\"window.print(); pfTrackEvent(&#039;Maneras de contribuir&#039;); return false;\" title=\"Printer Friendly, PDF & Email\">\n                    <img decoding=\"async\" class=\"lazyload pf-button-img\" src=\"data:image\/gif;base64,R0lGODlhAQABAAAAACH5BAEKAAEALAAAAAABAAEAAAICTAEAOw==\" data-orig-src=\"https:\/\/cdn.printfriendly.com\/buttons\/print-button-nobg.png\" alt=\"Print Friendly, PDF & Email\" style=\"width: 66px;height: 24px;\"  \/>\n                    <\/a>\n                <\/div><\/div><\/div><\/div><\/div><div class=\"fusion-fullwidth fullwidth-box fusion-builder-row-3 fusion-flex-container has-pattern-background has-mask-background nonhundred-percent-fullwidth non-hundred-percent-height-scrolling\" style=\"--awb-border-sizes-top:1px;--awb-border-color:var(--awb-color4);--awb-border-radius-top-left:0px;--awb-border-radius-top-right:0px;--awb-border-radius-bottom-right:0px;--awb-border-radius-bottom-left:0px;--awb-padding-top:3%;--awb-padding-top-medium:5%;--awb-padding-top-small:5%;--awb-flex-wrap:wrap;\" ><div class=\"fusion-builder-row fusion-row fusion-flex-align-items-flex-start fusion-flex-content-wrap\" style=\"max-width:1216.8px;margin-left: calc(-4% \/ 2 );margin-right: calc(-4% \/ 2 );\"><div class=\"fusion-layout-column fusion_builder_column fusion-builder-column-2 fusion_builder_column_1_1 1_1 fusion-flex-column\" style=\"--awb-bg-size:cover;--awb-width-large:100%;--awb-margin-top-large:0px;--awb-spacing-right-large:1.92%;--awb-margin-bottom-large:20px;--awb-spacing-left-large:1.92%;--awb-width-medium:100%;--awb-order-medium:0;--awb-spacing-right-medium:1.92%;--awb-spacing-left-medium:1.92%;--awb-width-small:100%;--awb-order-small:0;--awb-spacing-right-small:1.92%;--awb-spacing-left-small:1.92%;\"><div class=\"fusion-column-wrapper fusion-column-has-shadow fusion-flex-justify-content-flex-start fusion-content-layout-column\"><div class=\"fusion-reading-box-container reading-box-container-1\" style=\"--awb-title-color:var(--awb-color4);--awb-margin-top:0px;--awb-margin-bottom:20px;\"><div class=\"reading-box\" style=\"background-color:var(--awb-color2);border-width:1px;border-color:rgba(226,226,226,0);border-left-width:3px;border-left-color:var(--primary_color);border-style:solid;\"><h2>1. Compartiendo enlaces <\/h2><div class=\"reading-box-description fusion-reading-box-additional\">Compartiendo enlaces en redes sociales, mensajeros como WhatsApp, X (anterior Twitter), Telegram, por correo electr\u00f3nico, utilizando todas las posibilidades que ofrecemos.<\/div><div class=\"reading-box-additional\">\n<div class=\"fusion-sharing-box fusion-sharing-box-1 has-taglines layout-floated layout-medium-floated layout-small-stacked\" style=\"background-color:rgba(249,249,251,0);padding:0;border-color:hsla(var(--awb-color8-h),var(--awb-color8-s),calc( var(--awb-color8-l) + 80% ),var(--awb-color8-a));--awb-margin-top:0px;--awb-margin-right:0px;--awb-margin-bottom:0px;--awb-margin-left:-15px;--awb-wrapper-padding-top:0px;--awb-wrapper-padding-right:0px;--awb-wrapper-padding-bottom:0px;--awb-wrapper-padding-left:0px;--awb-padding-top:0px;--awb-padding-right:0px;--awb-padding-bottom:0px;--awb-padding-left:0px;--awb-icon-tagline-color:var(--awb-color6);--awb-icon-tagline-color-hover:var(--awb-color4);--awb-separator-border-color:hsla(var(--awb-color8-h),var(--awb-color8-s),calc( var(--awb-color8-l) + 80% ),var(--awb-color8-a));--awb-separator-border-sizes:0px;--awb-alignment:flex-start;--awb-layout:row;--awb-alignment-small:center;--awb-stacked-align-small:center;\" data-title=\"Compass to BEE\" data-description=\"Author Author Share The ultimate website builder Nam aliquet ante porta, gravida elit interdum, luctus porta sapien justo, at fringilla felis suscipit vestibulum volutpat metus.\" data-link=\"https:\/\/compass-to-balanced-ecology.earth\/es\"><div class=\"fusion-social-networks sharingbox-shortcode-icon-wrapper sharingbox-shortcode-icon-wrapper-1\"><span><a href=\"https:\/\/www.facebook.com\/sharer.php?u=https%3A%2F%2Fcompass-to-balanced-ecology.earth%2Fes&amp;t=Compass%20to%20BEE\" target=\"_blank\" rel=\"noreferrer\" title=\"Facebook\" aria-label=\"Facebook\" data-placement=\"top\" data-toggle=\"tooltip\" data-title=\"Facebook\"><i class=\"fusion-social-network-icon fusion-tooltip fusion-facebook awb-icon-facebook\" style=\"color:var(--awb-color8);\" aria-hidden=\"true\"><\/i><\/a><\/span><span><a href=\"https:\/\/x.com\/intent\/post?text=Compass%20to%20BEE&amp;url=https%3A%2F%2Fcompass-to-balanced-ecology.earth%2Fes\" target=\"_blank\" rel=\"noopener noreferrer\" title=\"X\" aria-label=\"X\" data-placement=\"top\" data-toggle=\"tooltip\" data-title=\"X\"><i class=\"fusion-social-network-icon fusion-tooltip fusion-twitter awb-icon-twitter\" style=\"color:var(--awb-color8);\" aria-hidden=\"true\"><\/i><\/a><\/span><span><a href=\"https:\/\/www.linkedin.com\/shareArticle?mini=true&amp;url=https%3A%2F%2Fcompass-to-balanced-ecology.earth%2Fes&amp;title=Compass%20to%20BEE&amp;summary=Author%20Author%20Share%20The%20ultimate%20website%20builder%20Nam%20aliquet%20ante%20porta%2C%20gravida%20elit%20interdum%2C%20luctus%20porta%20sapien%20justo%2C%20at%20fringilla%20felis%20suscipit%20vestibulum%20volutpat%20metus.\" target=\"_blank\" rel=\"noopener noreferrer\" title=\"LinkedIn\" aria-label=\"LinkedIn\" data-placement=\"top\" data-toggle=\"tooltip\" data-title=\"LinkedIn\"><i class=\"fusion-social-network-icon fusion-tooltip fusion-linkedin awb-icon-linkedin\" style=\"color:var(--awb-color8);\" aria-hidden=\"true\"><\/i><\/a><\/span><span><a href=\"https:\/\/api.whatsapp.com\/send?text=https%3A%2F%2Fcompass-to-balanced-ecology.earth%2Fes\" target=\"_blank\" rel=\"noopener noreferrer\" title=\"WhatsApp\" aria-label=\"WhatsApp\" data-placement=\"top\" data-toggle=\"tooltip\" data-title=\"WhatsApp\"><i class=\"fusion-social-network-icon fusion-tooltip fusion-whatsapp awb-icon-whatsapp\" style=\"color:var(--awb-color8);\" aria-hidden=\"true\"><\/i><\/a><\/span><span><a href=\"https:\/\/t.me\/share\/url?url=https%3A%2F%2Fcompass-to-balanced-ecology.earth%2Fes&amp;text=Compass%20to%20BEE\" target=\"_blank\" rel=\"noopener noreferrer\" title=\"Telegram\" aria-label=\"Telegram\" data-placement=\"top\" data-toggle=\"tooltip\" data-title=\"Telegram\"><i class=\"fusion-social-network-icon fusion-tooltip fusion-telegram awb-icon-telegram\" style=\"color:var(--awb-color8);\" aria-hidden=\"true\"><\/i><\/a><\/span><span><a href=\"mailto:?subject=Compass%20to%20BEE&amp;body=https%3A%2F%2Fcompass-to-balanced-ecology.earth%2Fes\" target=\"_self\" title=\"Correo electr\u00f3nico\" aria-label=\"Correo electr\u00f3nico\" data-placement=\"top\" data-toggle=\"tooltip\" data-title=\"Correo electr\u00f3nico\"><i class=\"fusion-social-network-icon fusion-tooltip fusion-mail awb-icon-mail\" style=\"color:var(--awb-color8);\" aria-hidden=\"true\"><\/i><\/a><\/span><\/div><\/div>\n<\/div><div class=\"fusion-clearfix\"><\/div><\/div><\/div><\/div><\/div><div class=\"fusion-layout-column fusion_builder_column fusion-builder-column-3 fusion_builder_column_1_1 1_1 fusion-flex-column\" style=\"--awb-bg-size:cover;--awb-width-large:100%;--awb-margin-top-large:0px;--awb-spacing-right-large:1.92%;--awb-margin-bottom-large:20px;--awb-spacing-left-large:1.92%;--awb-width-medium:100%;--awb-order-medium:0;--awb-spacing-right-medium:1.92%;--awb-spacing-left-medium:1.92%;--awb-width-small:100%;--awb-order-small:0;--awb-spacing-right-small:1.92%;--awb-spacing-left-small:1.92%;\"><div class=\"fusion-column-wrapper fusion-column-has-shadow fusion-flex-justify-content-flex-start fusion-content-layout-column\"><div class=\"fusion-reading-box-container reading-box-container-2\" style=\"--awb-title-color:var(--awb-color4);--awb-margin-top:0px;--awb-margin-bottom:20px;\"><div class=\"reading-box\" style=\"background-color:var(--awb-color2);border-width:1px;border-color:rgba(226,226,226,0);border-left-width:3px;border-left-color:var(--primary_color);border-style:solid;\"><h2>2. Actividades cotidianas <\/h2><div class=\"reading-box-additional fusion-reading-box-additional\">\n<p><strong>A)<\/strong> Analiza tus <strong>actividades cotidianas<\/strong> (desde cepillarte los dientes por la ma\u00f1ana hasta apagar la luz de la mesilla de noche): \u00bfd\u00f3nde consumo energ\u00eda <span style=\"text-decoration: underline;\">directamente<\/span> (cepillo de dientes el\u00e9ctrico, iluminaci\u00f3n, aire acondicionado, cocina el\u00e9ctrica, cafetera, Internet) o <span style=\"text-decoration: underline;\">indirectamente<\/span> (productos que se preparan con energ\u00eda, como el agua potable) o energ\u00eda f\u00f3sil (para conducir, calefacci\u00f3n, cocinar, etc.)?<\/p>\n<p><strong>B)<\/strong> Y ahora piense en c\u00f3mo usted, su familia, su entorno empresarial, etc. podr\u00edan reducir la energ\u00eda, los productos y la energ\u00eda f\u00f3sil que utilizan. Normalmente esta reducci\u00f3n est\u00e1 estrechamente relacionada con la reducci\u00f3n de gastos. As\u00ed que podr\u00edas empezar por las categor\u00edas m\u00e1s costosas. <strong>PERO<\/strong> como estamos muy interesados en mejorar nuestra situaci\u00f3n <strong>ecol\u00f3gica<\/strong> (CtoBEE: \u00a1los recursos y el tiempo son decisivos!) deber\u00edas empezar por las actividades que <strong>da\u00f1an nuestro medio ambiente<\/strong>: en primer lugar, reduce tu huella de CO2 (gastando menos energ\u00eda f\u00f3sil; consume agua, electricidad con prudencia; pi\u00e9nsatelo dos veces antes de comprar productos). Incluso si tienes tu propia instalaci\u00f3n fotovoltaica o tu proveedor de electricidad vende energ\u00eda 100% ecol\u00f3gica: cuanto menos necesites T\u00da, menos habr\u00e1 que producir, suministrar y m\u00e1s recursos estar\u00e1n disponibles para tus hijos y otras personas (piensa desde una perspectiva global: la poblaci\u00f3n est\u00e1 aumentando&#8230;). Otros aspectos como el reciclaje o la informaci\u00f3n a los productores los trataremos m\u00e1s adelante.<\/p>\n<p>Recu\u00e9rdelo:<div class=\"fusion-text fusion-text-1 fusion-text-no-margin\" style=\"--awb-content-alignment:center;--awb-font-size:24px;--awb-margin-top:0px;--awb-margin-bottom:0px;\"><p><span style=\"font-family: var(--awb-text-font-family); font-size: var(--awb-font-size); font-style: var(--awb-text-font-style); letter-spacing: var(--awb-letter-spacing); text-align: var(--awb-content-alignment); text-transform: var(--awb-text-transform); color: #808080;\"><strong><span style=\"color: #5c5c5c;\">\u201cEmpiece por lo\u00a0<\/span><span style=\"color: #000000;\">sencillo<\/span><span style=\"color: #5c5c5c;\">, piense con<\/span> <span style=\"color: #ff0000;\">rigor<\/span> <span style=\"color: #5c5c5c;\">, <\/span> <span style=\"color: #ffcc00;\">mejore<\/span> <span style=\"color: #5c5c5c;\">su impacto ecol\u00f3gico y<\/span>\u00a0<span style=\"color: #000000;\">repita\u00a0<\/span><span style=\"color: #5c5c5c;\">este proceso con otras actividades y productos\u201d<\/span><\/strong><\/span><\/p>\n<\/div>\n<p>En nuestro blog \u201c<span style=\"color: #9ecc19;\"><a style=\"color: #9ecc19;\" href=\"https:\/\/compass-to-balanced-ecology.earth\/plc\/#consumption\">3. Consumo<\/a><\/span>\u201d ofrecemos enlaces e informaci\u00f3n sobre estos temas.<\/p>\n<\/div><div class=\"fusion-clearfix\"><\/div><\/div><\/div><\/div><\/div><\/div><\/div><\/p>\n","protected":false},"excerpt":{"rendered":"","protected":false},"author":1,"featured_media":0,"parent":0,"menu_order":0,"comment_status":"closed","ping_status":"closed","template":"100-width.php","meta":{"footnotes":""},"class_list":["post-6002","page","type-page","status-publish","hentry"],"yoast_head":"<!-- This site is optimized with the Yoast SEO plugin v26.0 - https:\/\/yoast.com\/wordpress\/plugins\/seo\/ -->\n<title>Maneras de contribuir<\/title>\n<meta name=\"robots\" content=\"index, follow, max-snippet:-1, max-image-preview:large, max-video-preview:-1\" \/>\n<link rel=\"canonical\" href=\"https:\/\/compass-to-balanced-ecology.earth\/es\/maneras-de-contribuir\/\" \/>\n<meta property=\"og:locale\" content=\"es_ES\" \/>\n<meta property=\"og:type\" content=\"article\" \/>\n<meta property=\"og:title\" content=\"Maneras de contribuir\" \/>\n<meta property=\"og:url\" content=\"https:\/\/compass-to-balanced-ecology.earth\/es\/maneras-de-contribuir\/\" \/>\n<meta property=\"og:site_name\" content=\"COMPASS to Balanced Ecology on Earth\" \/>\n<meta property=\"article:modified_time\" content=\"2023-11-27T08:59:52+00:00\" \/>\n<meta name=\"twitter:card\" content=\"summary_large_image\" \/>\n<meta name=\"twitter:label1\" content=\"Tiempo de lectura\" \/>\n\t<meta name=\"twitter:data1\" content=\"4 minutos\" \/>\n<script type=\"application\/ld+json\" class=\"yoast-schema-graph\">{\"@context\":\"https:\/\/schema.org\",\"@graph\":[{\"@type\":\"WebPage\",\"@id\":\"https:\/\/compass-to-balanced-ecology.earth\/es\/maneras-de-contribuir\/\",\"url\":\"https:\/\/compass-to-balanced-ecology.earth\/es\/maneras-de-contribuir\/\",\"name\":\"Maneras de contribuir\",\"isPartOf\":{\"@id\":\"https:\/\/compass-to-balanced-ecology.earth\/#website\"},\"datePublished\":\"2023-10-17T08:42:18+00:00\",\"dateModified\":\"2023-11-27T08:59:52+00:00\",\"breadcrumb\":{\"@id\":\"https:\/\/compass-to-balanced-ecology.earth\/es\/maneras-de-contribuir\/#breadcrumb\"},\"inLanguage\":\"es\",\"potentialAction\":[{\"@type\":\"ReadAction\",\"target\":[\"https:\/\/compass-to-balanced-ecology.earth\/es\/maneras-de-contribuir\/\"]}]},{\"@type\":\"BreadcrumbList\",\"@id\":\"https:\/\/compass-to-balanced-ecology.earth\/es\/maneras-de-contribuir\/#breadcrumb\",\"itemListElement\":[{\"@type\":\"ListItem\",\"position\":1,\"name\":\"Portada\",\"item\":\"https:\/\/compass-to-balanced-ecology.earth\/es\/\"},{\"@type\":\"ListItem\",\"position\":2,\"name\":\"Maneras de contribuir\"}]},{\"@type\":\"WebSite\",\"@id\":\"https:\/\/compass-to-balanced-ecology.earth\/#website\",\"url\":\"https:\/\/compass-to-balanced-ecology.earth\/\",\"name\":\"COMPASS to Balanced Ecology on Earth\",\"description\":\"Is Worldwide Ecology for next Generations achievable?\",\"publisher\":{\"@id\":\"https:\/\/compass-to-balanced-ecology.earth\/#organization\"},\"potentialAction\":[{\"@type\":\"SearchAction\",\"target\":{\"@type\":\"EntryPoint\",\"urlTemplate\":\"https:\/\/compass-to-balanced-ecology.earth\/?s={search_term_string}\"},\"query-input\":{\"@type\":\"PropertyValueSpecification\",\"valueRequired\":true,\"valueName\":\"search_term_string\"}}],\"inLanguage\":\"es\"},{\"@type\":\"Organization\",\"@id\":\"https:\/\/compass-to-balanced-ecology.earth\/#organization\",\"name\":\"COMPASS to Balanced Ecology on Earth\",\"url\":\"https:\/\/compass-to-balanced-ecology.earth\/\",\"logo\":{\"@type\":\"ImageObject\",\"inLanguage\":\"es\",\"@id\":\"https:\/\/compass-to-balanced-ecology.earth\/#\/schema\/logo\/image\/\",\"url\":\"https:\/\/compass-to-balanced-ecology.earth\/wp-content\/uploads\/2023\/09\/logo-compass-to-bee-yoastseo.jpg\",\"contentUrl\":\"https:\/\/compass-to-balanced-ecology.earth\/wp-content\/uploads\/2023\/09\/logo-compass-to-bee-yoastseo.jpg\",\"width\":696,\"height\":696,\"caption\":\"COMPASS to Balanced Ecology on Earth\"},\"image\":{\"@id\":\"https:\/\/compass-to-balanced-ecology.earth\/#\/schema\/logo\/image\/\"}}]}<\/script>\n<!-- \/ Yoast SEO plugin. -->","yoast_head_json":{"title":"Maneras de contribuir","robots":{"index":"index","follow":"follow","max-snippet":"max-snippet:-1","max-image-preview":"max-image-preview:large","max-video-preview":"max-video-preview:-1"},"canonical":"https:\/\/compass-to-balanced-ecology.earth\/es\/maneras-de-contribuir\/","og_locale":"es_ES","og_type":"article","og_title":"Maneras de contribuir","og_url":"https:\/\/compass-to-balanced-ecology.earth\/es\/maneras-de-contribuir\/","og_site_name":"COMPASS to Balanced Ecology on Earth","article_modified_time":"2023-11-27T08:59:52+00:00","twitter_card":"summary_large_image","twitter_misc":{"Tiempo de lectura":"4 minutos"},"schema":{"@context":"https:\/\/schema.org","@graph":[{"@type":"WebPage","@id":"https:\/\/compass-to-balanced-ecology.earth\/es\/maneras-de-contribuir\/","url":"https:\/\/compass-to-balanced-ecology.earth\/es\/maneras-de-contribuir\/","name":"Maneras de contribuir","isPartOf":{"@id":"https:\/\/compass-to-balanced-ecology.earth\/#website"},"datePublished":"2023-10-17T08:42:18+00:00","dateModified":"2023-11-27T08:59:52+00:00","breadcrumb":{"@id":"https:\/\/compass-to-balanced-ecology.earth\/es\/maneras-de-contribuir\/#breadcrumb"},"inLanguage":"es","potentialAction":[{"@type":"ReadAction","target":["https:\/\/compass-to-balanced-ecology.earth\/es\/maneras-de-contribuir\/"]}]},{"@type":"BreadcrumbList","@id":"https:\/\/compass-to-balanced-ecology.earth\/es\/maneras-de-contribuir\/#breadcrumb","itemListElement":[{"@type":"ListItem","position":1,"name":"Portada","item":"https:\/\/compass-to-balanced-ecology.earth\/es\/"},{"@type":"ListItem","position":2,"name":"Maneras de contribuir"}]},{"@type":"WebSite","@id":"https:\/\/compass-to-balanced-ecology.earth\/#website","url":"https:\/\/compass-to-balanced-ecology.earth\/","name":"COMPASS to Balanced Ecology on Earth","description":"Is Worldwide Ecology for next Generations achievable?","publisher":{"@id":"https:\/\/compass-to-balanced-ecology.earth\/#organization"},"potentialAction":[{"@type":"SearchAction","target":{"@type":"EntryPoint","urlTemplate":"https:\/\/compass-to-balanced-ecology.earth\/?s={search_term_string}"},"query-input":{"@type":"PropertyValueSpecification","valueRequired":true,"valueName":"search_term_string"}}],"inLanguage":"es"},{"@type":"Organization","@id":"https:\/\/compass-to-balanced-ecology.earth\/#organization","name":"COMPASS to Balanced Ecology on Earth","url":"https:\/\/compass-to-balanced-ecology.earth\/","logo":{"@type":"ImageObject","inLanguage":"es","@id":"https:\/\/compass-to-balanced-ecology.earth\/#\/schema\/logo\/image\/","url":"https:\/\/compass-to-balanced-ecology.earth\/wp-content\/uploads\/2023\/09\/logo-compass-to-bee-yoastseo.jpg","contentUrl":"https:\/\/compass-to-balanced-ecology.earth\/wp-content\/uploads\/2023\/09\/logo-compass-to-bee-yoastseo.jpg","width":696,"height":696,"caption":"COMPASS to Balanced Ecology on Earth"},"image":{"@id":"https:\/\/compass-to-balanced-ecology.earth\/#\/schema\/logo\/image\/"}}]}},"_links":{"self":[{"href":"https:\/\/compass-to-balanced-ecology.earth\/es\/wp-json\/wp\/v2\/pages\/6002","targetHints":{"allow":["GET"]}}],"collection":[{"href":"https:\/\/compass-to-balanced-ecology.earth\/es\/wp-json\/wp\/v2\/pages"}],"about":[{"href":"https:\/\/compass-to-balanced-ecology.earth\/es\/wp-json\/wp\/v2\/types\/page"}],"author":[{"embeddable":true,"href":"https:\/\/compass-to-balanced-ecology.earth\/es\/wp-json\/wp\/v2\/users\/1"}],"replies":[{"embeddable":true,"href":"https:\/\/compass-to-balanced-ecology.earth\/es\/wp-json\/wp\/v2\/comments?post=6002"}],"version-history":[{"count":3,"href":"https:\/\/compass-to-balanced-ecology.earth\/es\/wp-json\/wp\/v2\/pages\/6002\/revisions"}],"predecessor-version":[{"id":6046,"href":"https:\/\/compass-to-balanced-ecology.earth\/es\/wp-json\/wp\/v2\/pages\/6002\/revisions\/6046"}],"wp:attachment":[{"href":"https:\/\/compass-to-balanced-ecology.earth\/es\/wp-json\/wp\/v2\/media?parent=6002"}],"curies":[{"name":"wp","href":"https:\/\/api.w.org\/{rel}","templated":true}]}}